{"id":2512,"date":"2017-01-12T13:44:11","date_gmt":"2017-01-12T21:44:11","guid":{"rendered":"http:\/\/sesd-district-digest.org\/?page_id=2512\/"},"modified":"2017-01-12T13:44:11","modified_gmt":"2017-01-12T21:44:11","slug":"acerca-del-district-digest","status":"publish","type":"page","link":"https:\/\/sesd-district-digest.org\/es\/acerca-del-district-digest\/","title":{"rendered":"Acerca del District Digest"},"content":{"rendered":"<p>El DISTRICT DIGEST es un bolet\u00edn de noticias por computadora producido y distribuido por el Distrito de Sunnyvale (SSD). En general, el DISTRICT DIGEST cubre programas, eventos, y temas que afectan las escuelas de nuestra comunidad, el distrito, y educaci\u00f3n p\u00fablica. Art\u00edculos son publicados frecuentemente y una versi\u00f3n del \u201cdigest\u201d condensado es mandada por correo electr\u00f3nico trimestralmente a suscriptores. Por favor haga clic al bot\u00f3n SUBSCRIBE y siga las direcciones para suscribirse al DISTRICT DIGEST.<\/p>\n<p>El prop\u00f3sito del DISTRICT DIGEST es proveer informaci\u00f3n a padres y residentes de Sunnyvale de lo que est\u00e1 pasando en nuestras escuelas locales. El Distrito de Sunnyvale cree que una relaci\u00f3n positiva entre casa\/escuela es crucial en el apoyo y\u00a0 \u00e9xito de nuestras escuelas. Es nuestro deseo que en mejorar comunicaci\u00f3n con la comunidad podamos fortalecer nuestra relaci\u00f3n con la comunidad.<\/p>\n<p>Las escuelas del Distrito de Sunnyvale son:<\/p>\n<ul>\n<li>Bishop Elementary<\/li>\n<li>Cherry Chase Elementary<\/li>\n<li>Columbia Middle School<\/li>\n<li>Cumberland Elementary<\/li>\n<li>Ellis Elementary<\/li>\n<li>Fairwood Explorer School<\/li>\n<li>Lakewood Elementary<\/li>\n<li>San Miguel Elementary<\/li>\n<li>Sunnyvale Middle School<\/li>\n<li>Vargas Elementary<\/li>\n<\/ul>\n","protected":false},"excerpt":{"rendered":"<p>El DISTRICT DIGEST es un bolet\u00edn de noticias por computadora producido y distribuido por el Distrito de Sunnyvale (SSD). En general, el DISTRICT DIGEST cubre programas, eventos, y temas que afectan las escuelas de nuestra comunidad, el distrito, y educaci\u00f3n&#8230;<\/p>\n","protected":false},"author":6,"featured_media":0,"parent":0,"menu_order":0,"comment_status":"closed","ping_status":"closed","template":"","meta":{"footnotes":""},"class_list":["post-2512","page","type-page","status-publish"],"_links":{"self":[{"href":"https:\/\/sesd-district-digest.org\/es\/wp-json\/wp\/v2\/pages\/2512","targetHints":{"allow":["GET"]}}],"collection":[{"href":"https:\/\/sesd-district-digest.org\/es\/wp-json\/wp\/v2\/pages"}],"about":[{"href":"https:\/\/sesd-district-digest.org\/es\/wp-json\/wp\/v2\/types\/page"}],"author":[{"embeddable":true,"href":"https:\/\/sesd-district-digest.org\/es\/wp-json\/wp\/v2\/users\/6"}],"replies":[{"embeddable":true,"href":"https:\/\/sesd-district-digest.org\/es\/wp-json\/wp\/v2\/comments?post=2512"}],"version-history":[{"count":1,"href":"https:\/\/sesd-district-digest.org\/es\/wp-json\/wp\/v2\/pages\/2512\/revisions"}],"predecessor-version":[{"id":2513,"href":"https:\/\/sesd-district-digest.org\/es\/wp-json\/wp\/v2\/pages\/2512\/revisions\/2513"}],"wp:attachment":[{"href":"https:\/\/sesd-district-digest.org\/es\/wp-json\/wp\/v2\/media?parent=2512"}],"curies":[{"name":"wp","href":"https:\/\/api.w.org\/{rel}","templated":true}]}}