{"id":2518,"date":"2017-01-12T13:46:40","date_gmt":"2017-01-12T21:46:40","guid":{"rendered":"http:\/\/sesd-district-digest.org\/?page_id=2518\/"},"modified":"2017-01-12T13:46:40","modified_gmt":"2017-01-12T21:46:40","slug":"guia-para-sumisiones","status":"publish","type":"page","link":"https:\/\/sesd-district-digest.org\/es\/guia-para-sumisiones\/","title":{"rendered":"Gu\u00eda para Sumisiones"},"content":{"rendered":"<p>Sumisiones son bienvenidos y alentados para el District Digest. En general, el District Digest cubre programas, eventos, y temas que afectan las escuelas de nuestra comunidad, el distrito, y educaci\u00f3n p\u00fablica. Art\u00edculos son publicados frecuentemente y una versi\u00f3n del \u201cdigest\u201d condensado es mandada por correo electr\u00f3nico trimestralmente a suscriptores. El bolet\u00edn de noticias es archivado para acceso f\u00e1cil a temas pasados.<\/p>\n<p><i>Quien puede someter<\/i><\/p>\n<p>Personal de la escuela y maestros, siempre y cuando sea autorizado por el principal, personal de la oficina, pueden someter art\u00edculos directamente a editores del bolet\u00edn de noticias. Miembros de PTSA\/PTA\/PTO al igual pueden someter anuncios directamente. La comunidad de Sunnyvale puede someter art\u00edculos que ser\u00e1n revisados por editores del bolet\u00edn de noticiero. Sumisiones podr\u00e1n ser editadas basado en los requisitos del Distrito.<\/p>\n<p><i>Como someter<\/i><\/p>\n<p>Mande a info@sesd-district-digest.org. Por favor incluya su nombre, correo electr\u00f3nico, y tel\u00e9fono. Puede mandar su art\u00edculo como parte del correo electr\u00f3nico o adjuntar como documento de Word.<\/p>\n<p><i>Que puede someter<\/i><\/p>\n<ul>\n<li>Programas de la escuela que son \u00fanicos a su escuela son buenas ideas para art\u00edculos. Estos pueden ser actividades dirigidos por maestros en el programa de despu\u00e9s de escuela, clubs, de un maestro que tiene una manera de ense\u00f1anza innovadora, asociaci\u00f3n \u00fanica como apoyo fuera de su escuela con ingenieros de Google que han ido a la escuela Bishop.<\/li>\n<li>Incluye historias y antecedentes del programa. Cuando y como empez\u00f3 el programa y quien lo empez\u00f3. Las 5 preguntas cl\u00e1sicas (quien, que, donde, cuando, porque).<\/li>\n<li>Incluye quien est\u00e1 involucrado, n\u00famero de estudiantes participando en el programa, quien contribuye fondos, como beneficia este programa a los estudiantes en su escuela, como ayuda el distrito para que este programa sea posible o ayuda que el programa se exitoso si es aplicable, y otra informaci\u00f3n que le gustar\u00eda compartir.<\/li>\n<li>Trate de incluir testimoniales si es posible. Citar lo que diga la gente directamente involucrado, le da profundidad a las historias. Trate de citar lo que se ha dicho en una o dos frases cortas.<\/li>\n<\/ul>\n<p><i>Formato<\/i><\/p>\n<ul>\n<li>Recomendamos que pongan informaci\u00f3n importante en el primer p\u00e1rrafo, esta ser\u00e1 usado en el Digest que se mandara trimestralmente.<\/li>\n<li>Trate de presentar su informaci\u00f3n en voz propia y hablar del mismo tiempo durante todo el art\u00edculo.<\/li>\n<li>Trate de construir frases con diferentes estructuras.<\/li>\n<li>Incluya im\u00e1genes de alta resoluci\u00f3n si es posible.<\/li>\n<\/ul>\n<p><i>Proceso Editorial<\/i><\/p>\n<ul>\n<li>El Superintendente y su personal revisara y aprobara todas las historias antes de publicaci\u00f3n. Extractos de historias ser\u00e1 publicados en el Digest que se mandara por correo electr\u00f3nico, y la historia complete se publicara en el web.<\/li>\n<\/ul>\n<p>&nbsp;<\/p>\n<p>&nbsp;<\/p>\n","protected":false},"excerpt":{"rendered":"<p>Sumisiones son bienvenidos y alentados para el District Digest. En general, el District Digest cubre programas, eventos, y temas que afectan las escuelas de nuestra comunidad, el distrito, y educaci\u00f3n p\u00fablica. Art\u00edculos son publicados frecuentemente y una versi\u00f3n del \u201cdigest\u201d&#8230;<\/p>\n","protected":false},"author":6,"featured_media":0,"parent":0,"menu_order":0,"comment_status":"closed","ping_status":"closed","template":"","meta":{"footnotes":""},"class_list":["post-2518","page","type-page","status-publish"],"_links":{"self":[{"href":"https:\/\/sesd-district-digest.org\/es\/wp-json\/wp\/v2\/pages\/2518","targetHints":{"allow":["GET"]}}],"collection":[{"href":"https:\/\/sesd-district-digest.org\/es\/wp-json\/wp\/v2\/pages"}],"about":[{"href":"https:\/\/sesd-district-digest.org\/es\/wp-json\/wp\/v2\/types\/page"}],"author":[{"embeddable":true,"href":"https:\/\/sesd-district-digest.org\/es\/wp-json\/wp\/v2\/users\/6"}],"replies":[{"embeddable":true,"href":"https:\/\/sesd-district-digest.org\/es\/wp-json\/wp\/v2\/comments?post=2518"}],"version-history":[{"count":1,"href":"https:\/\/sesd-district-digest.org\/es\/wp-json\/wp\/v2\/pages\/2518\/revisions"}],"predecessor-version":[{"id":2519,"href":"https:\/\/sesd-district-digest.org\/es\/wp-json\/wp\/v2\/pages\/2518\/revisions\/2519"}],"wp:attachment":[{"href":"https:\/\/sesd-district-digest.org\/es\/wp-json\/wp\/v2\/media?parent=2518"}],"curies":[{"name":"wp","href":"https:\/\/api.w.org\/{rel}","templated":true}]}}