{"id":2523,"date":"2017-01-12T13:48:40","date_gmt":"2017-01-12T21:48:40","guid":{"rendered":"http:\/\/sesd-district-digest.org\/?page_id=2523\/"},"modified":"2017-01-13T09:46:02","modified_gmt":"2017-01-13T17:46:02","slug":"suscribase","status":"publish","type":"page","link":"https:\/\/sesd-district-digest.org\/es\/suscribase\/","title":{"rendered":"Suscribase"},"content":{"rendered":"<p>Le gustar\u00eda suscribirse al DISTRICT DIGEST? Nuestro bolet\u00edn de noticias se manda por correo electr\u00f3nico trimestralmente. Favor de proveer su correo electr\u00f3nico abajo. Nunca rentamos, vendemos, o usamos su informaci\u00f3n de contacto para cualquier otro prop\u00f3sito que no sea para esta distribuci\u00f3n. Usted podr\u00e1 cancelar su suscripci\u00f3n en cualquier momento.<\/p>\n<p>Correo Electr\u00f3nico (requerido)<\/p>\n<p><!-- Begin MailChimp Signup Form --><\/p>\n<style type=\"text\/css\">\n\t#mc_embed_signup{background:#fff; clear:left; font:14px Helvetica,Arial,sans-serif; }<br \/>\n\t\/* Add your own MailChimp form style overrides in your site stylesheet or in this style block.<br \/>\n\t   We recommend moving this block and the preceding CSS link to the HEAD of your HTML file. *\/<br \/>\n<\/style>\n<div id=\"mc_embed_signup\">\n<form id=\"mc-embedded-subscribe-form\" class=\"validate\" action=\"\/\/sesd-district-digest.us2.list-manage.com\/subscribe\/post?u=5455790b13f58ace4edb9ade5&amp;id=96f8b73b54\" method=\"post\" name=\"mc-embedded-subscribe-form\" novalidate=\"\" target=\"_blank\">\n<div id=\"mc_embed_signup_scroll\">Suscr\u00edbase a nuestra lista de correo<br \/>\n<input id=\"mce-EMAIL\" class=\"email\" name=\"EMAIL\" required=\"\" type=\"email\" value=\"\" placeholder=\"email address\" \/><br \/>\n<!-- real people should not fill this in and expect good things - do not remove this or risk form bot signups--><\/p>\n<div style=\"position: absolute; left: -5000px;\"><input tabindex=\"-1\" name=\"b_5455790b13f58ace4edb9ade5_96f8b73b54\" type=\"text\" value=\"\" \/><\/div>\n<div class=\"clear\"><input id=\"mc-embedded-subscribe\" class=\"button\" name=\"subscribe\" type=\"submit\" value=\"Subscribe\" \/><\/div>\n<\/div>\n<\/form>\n<\/div>\n<p><!--End mc_embed_signup--><\/p>\n","protected":false},"excerpt":{"rendered":"<p>Le gustar\u00eda suscribirse al DISTRICT DIGEST? Nuestro bolet\u00edn de noticias se manda por correo electr\u00f3nico trimestralmente. Favor de proveer su correo electr\u00f3nico abajo. Nunca rentamos, vendemos, o usamos su informaci\u00f3n de contacto para cualquier otro prop\u00f3sito que no sea para&#8230;<\/p>\n","protected":false},"author":6,"featured_media":0,"parent":0,"menu_order":0,"comment_status":"closed","ping_status":"closed","template":"","meta":{"footnotes":""},"class_list":["post-2523","page","type-page","status-publish"],"_links":{"self":[{"href":"https:\/\/sesd-district-digest.org\/es\/wp-json\/wp\/v2\/pages\/2523","targetHints":{"allow":["GET"]}}],"collection":[{"href":"https:\/\/sesd-district-digest.org\/es\/wp-json\/wp\/v2\/pages"}],"about":[{"href":"https:\/\/sesd-district-digest.org\/es\/wp-json\/wp\/v2\/types\/page"}],"author":[{"embeddable":true,"href":"https:\/\/sesd-district-digest.org\/es\/wp-json\/wp\/v2\/users\/6"}],"replies":[{"embeddable":true,"href":"https:\/\/sesd-district-digest.org\/es\/wp-json\/wp\/v2\/comments?post=2523"}],"version-history":[{"count":5,"href":"https:\/\/sesd-district-digest.org\/es\/wp-json\/wp\/v2\/pages\/2523\/revisions"}],"predecessor-version":[{"id":2533,"href":"https:\/\/sesd-district-digest.org\/es\/wp-json\/wp\/v2\/pages\/2523\/revisions\/2533"}],"wp:attachment":[{"href":"https:\/\/sesd-district-digest.org\/es\/wp-json\/wp\/v2\/media?parent=2523"}],"curies":[{"name":"wp","href":"https:\/\/api.w.org\/{rel}","templated":true}]}}